{"id":52,"date":"2023-10-30T22:03:01","date_gmt":"2023-10-30T22:03:01","guid":{"rendered":"https:\/\/unsere-bildung.de\/?page_id=52"},"modified":"2023-11-11T22:20:40","modified_gmt":"2023-11-11T22:20:40","slug":"nur-eine-probeseite","status":"publish","type":"page","link":"https:\/\/unsere-bildung.de\/","title":{"rendered":"Herzlich Willkommen!"},"content":{"rendered":"\n<p>Ich freue mich sehr, dass Sie mich hier besuchen und m\u00f6chte Ihnen gern einen Einblick in meinen Makler-Alltag geben.<\/p>\n\n\n\n<p><strong>Sie suchen eine seri\u00f6se Immobilienmaklerin, der regional als Immobilienexpertin<\/strong> in der Region Stade oder Landkreis Stade, Hamburg, Cuxhaven,  Harburg, Rotenburg (W\u00fcmme)  und dem gesamten Elbe-Weser-Dreieck t\u00e4tig ist? Dann sind Sie bei mir genau richtig! Ich beraten Sie als Maklerin in allen Bereichen, vom Verkauf eines Hauses oder einer Eigentumswohnung bis hin zur Erf\u00fcllung Ihres Wunsches hinsichtlich Ihrer Traumimmobilie.<\/p>\n\n\n\n<figure class=\"wp-block-image size-large\"><img loading=\"lazy\" decoding=\"async\" width=\"1024\" height=\"293\" src=\"https:\/\/unsere-bildung.de\/wp-content\/uploads\/2023\/10\/cropped-Slider-Real-Estate-Lite-1024x293.jpg\" alt=\"\" class=\"wp-image-31\" srcset=\"https:\/\/unsere-bildung.de\/wp-content\/uploads\/2023\/10\/cropped-Slider-Real-Estate-Lite-1024x293.jpg 1024w, https:\/\/unsere-bildung.de\/wp-content\/uploads\/2023\/10\/cropped-Slider-Real-Estate-Lite-300x86.jpg 300w, https:\/\/unsere-bildung.de\/wp-content\/uploads\/2023\/10\/cropped-Slider-Real-Estate-Lite-768x220.jpg 768w, https:\/\/unsere-bildung.de\/wp-content\/uploads\/2023\/10\/cropped-Slider-Real-Estate-Lite-1536x439.jpg 1536w, https:\/\/unsere-bildung.de\/wp-content\/uploads\/2023\/10\/cropped-Slider-Real-Estate-Lite.jpg 1920w\" sizes=\"auto, (max-width: 1024px) 100vw, 1024px\" \/><\/figure>\n\n\n\n<div class=\"wp-block-media-text has-media-on-the-right is-stacked-on-mobile\"><div class=\"wp-block-media-text__content\">\n<p>Villen, Einfamilienh\u00e4user, Zweifamilienh\u00e4user, Doppelhaush\u00e4lften, Reihenh\u00e4user, Bungalows, Eigentumswohnungen und Mietwohnungen.<\/p>\n\n\n\n<p class=\"has-black-color has-gray-background-color has-text-color has-background\">Au\u00dferdem Baugrundst\u00fccke , Kapitalanlagen und Anlageimmobilien jeglicher Art, Mehrfamilienh\u00e4user, Wohn- und Gesch\u00e4ftsh\u00e4user, Wohnungspakete und vermietete Eigentumswohnungen Gewerbeimmobilien, B\u00fcros, Praxen, Lagerhallen, Produktionshallen, Hotels, Gewerbegrundst\u00fccke.<\/p>\n\n\n\n<p>VERMITTLUNG: H\u00e4user in allen Gr\u00f6\u00dfen und Preisbereichen<\/p>\n<\/div><figure class=\"wp-block-media-text__media\"><img loading=\"lazy\" decoding=\"async\" width=\"1024\" height=\"682\" src=\"https:\/\/unsere-bildung.de\/wp-content\/uploads\/2023\/10\/living-room-8260384_1280-1024x682.jpg\" alt=\"\" class=\"wp-image-16 size-full\" srcset=\"https:\/\/unsere-bildung.de\/wp-content\/uploads\/2023\/10\/living-room-8260384_1280-1024x682.jpg 1024w, https:\/\/unsere-bildung.de\/wp-content\/uploads\/2023\/10\/living-room-8260384_1280-300x200.jpg 300w, https:\/\/unsere-bildung.de\/wp-content\/uploads\/2023\/10\/living-room-8260384_1280-768x512.jpg 768w, https:\/\/unsere-bildung.de\/wp-content\/uploads\/2023\/10\/living-room-8260384_1280.jpg 1280w\" sizes=\"auto, (max-width: 1024px) 100vw, 1024px\" \/><\/figure><\/div>\n","protected":false},"excerpt":{"rendered":"<p>Ich freue mich sehr, dass Sie mich hier besuchen und m\u00f6chte Ihnen gern einen Einblick in meinen Makler-Alltag geben. Sie suchen eine seri\u00f6se Immobilienmaklerin, der regional als Immobilienexpertin in der Region Stade oder Landkreis Stade, Hamburg, Cuxhaven, Harburg, Rotenburg (W\u00fcmme) und dem gesamten Elbe-Weser-Dreieck t\u00e4tig ist? Dann sind Sie bei mir genau richtig! Ich beraten [&hellip;]<\/p>\n","protected":false},"author":1,"featured_media":0,"parent":0,"menu_order":0,"comment_status":"closed","ping_status":"closed","template":"","meta":{"footnotes":""},"class_list":["post-52","page","type-page","status-publish","hentry"],"_links":{"self":[{"href":"https:\/\/unsere-bildung.de\/index.php?rest_route=\/wp\/v2\/pages\/52","targetHints":{"allow":["GET"]}}],"collection":[{"href":"https:\/\/unsere-bildung.de\/index.php?rest_route=\/wp\/v2\/pages"}],"about":[{"href":"https:\/\/unsere-bildung.de\/index.php?rest_route=\/wp\/v2\/types\/page"}],"author":[{"embeddable":true,"href":"https:\/\/unsere-bildung.de\/index.php?rest_route=\/wp\/v2\/users\/1"}],"replies":[{"embeddable":true,"href":"https:\/\/unsere-bildung.de\/index.php?rest_route=%2Fwp%2Fv2%2Fcomments&post=52"}],"version-history":[{"count":3,"href":"https:\/\/unsere-bildung.de\/index.php?rest_route=\/wp\/v2\/pages\/52\/revisions"}],"predecessor-version":[{"id":85,"href":"https:\/\/unsere-bildung.de\/index.php?rest_route=\/wp\/v2\/pages\/52\/revisions\/85"}],"wp:attachment":[{"href":"https:\/\/unsere-bildung.de\/index.php?rest_route=%2Fwp%2Fv2%2Fmedia&parent=52"}],"curies":[{"name":"wp","href":"https:\/\/api.w.org\/{rel}","templated":true}]}}